{"id":13689,"date":"2026-02-22T11:46:37","date_gmt":"2026-02-22T09:46:37","guid":{"rendered":"https:\/\/www.djdaniel.ch\/?page_id=13689"},"modified":"2026-03-13T11:24:02","modified_gmt":"2026-03-13T09:24:02","slug":"music","status":"publish","type":"page","link":"https:\/\/www.djdaniel.ch\/en\/musik\/","title":{"rendered":"Music"},"content":{"rendered":"<div data-elementor-type=\"wp-page\" data-elementor-id=\"13689\" class=\"elementor elementor-13689\" data-elementor-post-type=\"page\">\n\t\t\t\t\t\t<section class=\"elementor-section elementor-top-section elementor-element elementor-element-4678603 elementor-section-full_width elementor-section-height-default elementor-section-height-default\" data-id=\"4678603\" data-element_type=\"section\" data-e-type=\"section\" data-settings=\"{&quot;background_background&quot;:&quot;classic&quot;}\">\n\t\t\t\t\t\t<div class=\"elementor-container elementor-column-gap-default\">\n\t\t\t\t\t<div class=\"elementor-column elementor-col-100 elementor-top-column elementor-element elementor-element-1412f36\" data-id=\"1412f36\" data-element_type=\"column\" data-e-type=\"column\">\n\t\t\t<div class=\"elementor-widget-wrap elementor-element-populated\">\n\t\t\t\t\t\t<div class=\"elementor-element elementor-element-c8fda41 elementor-widget elementor-widget-menu-anchor\" data-id=\"c8fda41\" data-element_type=\"widget\" data-e-type=\"widget\" data-widget_type=\"menu-anchor.default\">\n\t\t\t\t<div class=\"elementor-widget-container\">\n\t\t\t\t\t\t\t<div class=\"elementor-menu-anchor\" id=\"Musik\"><\/div>\n\t\t\t\t\t\t<\/div>\n\t\t\t\t<\/div>\n\t\t\t\t<div class=\"elementor-element elementor-element-4f0af13 animated-slow elementor-invisible elementor-widget elementor-widget-heading\" data-id=\"4f0af13\" data-element_type=\"widget\" data-e-type=\"widget\" data-settings=\"{&quot;_animation&quot;:&quot;fadeInUp&quot;}\" data-widget_type=\"heading.default\">\n\t\t\t\t<div class=\"elementor-widget-container\">\n\t\t\t\t\t<h1 class=\"elementor-heading-title elementor-size-default\">MUSIC EXAMPLES AND PROMO MIXES BY DJ DANIEL FROM ZURICH<\/h1>\t\t\t\t<\/div>\n\t\t\t\t<\/div>\n\t\t\t\t<div class=\"elementor-element elementor-element-e3a6de4 elementor-widget elementor-widget-text-editor\" data-id=\"e3a6de4\" data-element_type=\"widget\" data-e-type=\"widget\" data-widget_type=\"text-editor.default\">\n\t\t\t\t<div class=\"elementor-widget-container\">\n\t\t\t\t\t\t\t\t\t<p>As a DJ with a wide-ranging repertoire, I have to make sure that all the guests can dance and are happy. That\u2019s why I\u2019m presenting such a diverse selection here, as I need to cater precisely to the musical tastes of the dancing guests at every event.<\/p><p>Enjoy listening!<\/p>\t\t\t\t\t\t\t\t<\/div>\n\t\t\t\t<\/div>\n\t\t\t\t<div class=\"elementor-element elementor-element-b004543 elementor-widget elementor-widget-text-editor\" data-id=\"b004543\" data-element_type=\"widget\" data-e-type=\"widget\" data-widget_type=\"text-editor.default\">\n\t\t\t\t<div class=\"elementor-widget-container\">\n\t\t\t\t\t\t\t\t\t<p><strong>MIX 1: <\/strong>Open Format 2010 - 2019<br \/>40 big hits (pop, reggaeton, dancehall, house, electro-swing, dance-pop, EDM)<\/p>\t\t\t\t\t\t\t\t<\/div>\n\t\t\t\t<\/div>\n\t\t\t\t<div class=\"elementor-element elementor-element-d952c62 elementor-widget elementor-widget-html\" data-id=\"d952c62\" data-element_type=\"widget\" data-e-type=\"widget\" data-widget_type=\"html.default\">\n\t\t\t\t<div class=\"elementor-widget-container\">\n\t\t\t\t\t<iframe scrolling=\"no\" style=\"border-radius: 10px;\" id=\"hearthis_at_track_4837575\" width=\"100%\" height=\"130\" src=\"https:\/\/app.hearthis.at\/embed\/4837575\/transparent\/?hcolor=&color=3737b8&style=2&block_size=2&block_space=1&background=0&waveform=0&cover=1&autoplay=0&css=\" frameborder=\"0\" allowtransparency allow=\"autoplay\"><p>Listen to <a href=\"https:\/\/hearthis.at\/djdaniel-xg\/djdanielopenformat2010hitscharts\/\" target=\"_blank\">OpenFormat 2010 - 2019: HITS &amp; CHARTS by DJ Daniel<\/a> <span>by<\/span><a href=\"https:\/\/hearthis.at\/djdaniel-xg\/\" target=\"_blank\" >DJDaniel<\/a> <span>on<\/span> <a href=\"https:\/\/hearthis.at\/\" target=\"_blank\">hearthis.at<\/a><\/p><\/iframe>\t\t\t\t<\/div>\n\t\t\t\t<\/div>\n\t\t\t\t<div class=\"elementor-element elementor-element-d3a7c8a elementor-widget elementor-widget-text-editor\" data-id=\"d3a7c8a\" data-element_type=\"widget\" data-e-type=\"widget\" data-widget_type=\"text-editor.default\">\n\t\t\t\t<div class=\"elementor-widget-container\">\n\t\t\t\t\t\t\t\t\t<p><strong>MIX 2:\u00a0<\/strong>Special Wedding Mix<br \/>Typical wedding mix with 60s, 80s, Latin, House, Electro Swing and Dance Pop.<\/p>\t\t\t\t\t\t\t\t<\/div>\n\t\t\t\t<\/div>\n\t\t\t\t<div class=\"elementor-element elementor-element-933b962 elementor-widget elementor-widget-html\" data-id=\"933b962\" data-element_type=\"widget\" data-e-type=\"widget\" data-widget_type=\"html.default\">\n\t\t\t\t<div class=\"elementor-widget-container\">\n\t\t\t\t\t<iframe scrolling=\"no\" style=\"border-radius: 10px;\" id=\"hearthis_at_track_4722697\" width=\"100%\" height=\"130\" src=\"https:\/\/app.hearthis.at\/embed\/4722697\/transparent\/?hcolor=&color=3737b8&style=2&block_size=2&block_space=1&background=0&waveform=0&cover=1&autoplay=0&css=\" frameborder=\"0\" allowtransparency allow=\"autoplay\"><p>Listen to <a href=\"https:\/\/hearthis.at\/djdaniel-xg\/dj-daniels-live-open-format-mix-60s-latin-80s-deep-house-electro-swing-dance-pop-dancehall\/\" target=\"_blank\">DJ Daniel's Live open format Mix: 60s, Latin, 80s, Deep House, Electro Swing, Dance Pop, Dancehall<\/a> <span>by<\/span><a href=\"https:\/\/hearthis.at\/djdaniel-xg\/\" target=\"_blank\" >DJDaniel<\/a> <span>on<\/span> <a href=\"https:\/\/hearthis.at\/\" target=\"_blank\">hearthis.at<\/a><\/p><\/iframe>\t\t\t\t<\/div>\n\t\t\t\t<\/div>\n\t\t\t\t<div class=\"elementor-element elementor-element-d730822 elementor-widget elementor-widget-text-editor\" data-id=\"d730822\" data-element_type=\"widget\" data-e-type=\"widget\" data-widget_type=\"text-editor.default\">\n\t\t\t\t<div class=\"elementor-widget-container\">\n\t\t\t\t\t\t\t\t\t<p><strong>MIX 3: <\/strong>Urban Mix<br \/>Do you like dancehall, reggaeton, hip-hop and afrobeats? Then this is your mix!<\/p>\t\t\t\t\t\t\t\t<\/div>\n\t\t\t\t<\/div>\n\t\t\t\t<div class=\"elementor-element elementor-element-0142388 elementor-widget elementor-widget-html\" data-id=\"0142388\" data-element_type=\"widget\" data-e-type=\"widget\" data-widget_type=\"html.default\">\n\t\t\t\t<div class=\"elementor-widget-container\">\n\t\t\t\t\t<iframe scrolling=\"no\" style=\"border-radius: 10px;\" id=\"hearthis_at_track_13884284\" width=\"100%\" height=\"130\" src=\"https:\/\/app.hearthis.at\/embed\/13884284\/transparent\/?hcolor=&color=3737b8&style=2&block_size=2&block_space=1&background=0&waveform=0&cover=1&autoplay=0&css=\" frameborder=\"0\" allowtransparency allow=\"autoplay\"><p>Listen to <a href=\"https:\/\/hearthis.at\/djdaniel-xg\/dancehallreggaetonhiphopafro\/\" target=\"_blank\">DJ Daniel's Urban Mix (Dancehall, Reggaeton, HipHop, Afropop)<\/a> <span>by<\/span><a href=\"https:\/\/hearthis.at\/djdaniel-xg\/\" target=\"_blank\" >DJDaniel<\/a> <span>on<\/span> <a href=\"https:\/\/hearthis.at\/\" target=\"_blank\">hearthis.at<\/a><\/p><\/iframe>\t\t\t\t<\/div>\n\t\t\t\t<\/div>\n\t\t\t\t<div class=\"elementor-element elementor-element-0b47444 elementor-widget elementor-widget-text-editor\" data-id=\"0b47444\" data-element_type=\"widget\" data-e-type=\"widget\" data-widget_type=\"text-editor.default\">\n\t\t\t\t<div class=\"elementor-widget-container\">\n\t\t\t\t\t\t\t\t\t<p><strong>MIX 4: <\/strong>NuDisco \/ House Mix<br \/>From NuDisco to Disco-House to Afro-House and French House to Pop Dance!<\/p>\t\t\t\t\t\t\t\t<\/div>\n\t\t\t\t<\/div>\n\t\t\t\t<div class=\"elementor-element elementor-element-b9c2609 elementor-widget elementor-widget-html\" data-id=\"b9c2609\" data-element_type=\"widget\" data-e-type=\"widget\" data-widget_type=\"html.default\">\n\t\t\t\t<div class=\"elementor-widget-container\">\n\t\t\t\t\t<iframe scrolling=\"no\" style=\"border-radius: 10px;\" id=\"hearthis_at_track_13884331\" width=\"100%\" height=\"130\" src=\"https:\/\/app.hearthis.at\/embed\/13884331\/transparent\/?hcolor=&color=3737b8&style=2&block_size=2&block_space=1&background=0&waveform=0&cover=1&autoplay=0&css=\" frameborder=\"0\" allowtransparency allow=\"autoplay\"><p>Listen to <a href=\"https:\/\/hearthis.at\/djdaniel-xg\/20251226casaladinadiscohousedancepop\/\" target=\"_blank\">DJ Daniel's Mix from NuDisco to Disco House &amp; Afro-House to Dance-Pop<\/a> <span>by<\/span><a href=\"https:\/\/hearthis.at\/djdaniel-xg\/\" target=\"_blank\" >DJDaniel<\/a> <span>on<\/span> <a href=\"https:\/\/hearthis.at\/\" target=\"_blank\">hearthis.at<\/a><\/p><\/iframe>\t\t\t\t<\/div>\n\t\t\t\t<\/div>\n\t\t\t\t<div class=\"elementor-element elementor-element-327478f elementor-widget elementor-widget-text-editor\" data-id=\"327478f\" data-element_type=\"widget\" data-e-type=\"widget\" data-widget_type=\"text-editor.default\">\n\t\t\t\t<div class=\"elementor-widget-container\">\n\t\t\t\t\t\t\t\t\t<p><strong>MIX 5: <\/strong>2000 mix<br \/>A few selected hits from the noughties (2000 - 2009): Hip-Hop, RnB, Dancehall, Latin, Pop and House<\/p>\t\t\t\t\t\t\t\t<\/div>\n\t\t\t\t<\/div>\n\t\t\t\t<div class=\"elementor-element elementor-element-dcf3993 elementor-widget elementor-widget-html\" data-id=\"dcf3993\" data-element_type=\"widget\" data-e-type=\"widget\" data-widget_type=\"html.default\">\n\t\t\t\t<div class=\"elementor-widget-container\">\n\t\t\t\t\t<iframe scrolling=\"no\" style=\"border-radius: 10px;\" id=\"hearthis_at_track_4722666\" width=\"100%\" height=\"130\" src=\"https:\/\/app.hearthis.at\/embed\/4722666\/transparent\/?hcolor=&color=3737b8&style=2&block_size=2&block_space=1&background=0&waveform=0&cover=1&autoplay=0&css=\" frameborder=\"0\" allowtransparency allow=\"autoplay\"><p>Listen to <a href=\"https:\/\/hearthis.at\/djdaniel-xg\/dj-daniel-2000er-mix\/\" target=\"_blank\">DJ Daniel - 2000s Mix<\/a> <span>by<\/span><a href=\"https:\/\/hearthis.at\/djdaniel-xg\/\" target=\"_blank\" >DJDaniel<\/a> <span>on<\/span> <a href=\"https:\/\/hearthis.at\/\" target=\"_blank\">hearthis.at<\/a><\/p><\/iframe>\t\t\t\t<\/div>\n\t\t\t\t<\/div>\n\t\t\t\t<div class=\"elementor-element elementor-element-60e67ea elementor-widget elementor-widget-text-editor\" data-id=\"60e67ea\" data-element_type=\"widget\" data-e-type=\"widget\" data-widget_type=\"text-editor.default\">\n\t\t\t\t<div class=\"elementor-widget-container\">\n\t\t\t\t\t\t\t\t\t<p><strong>MIX 6: <\/strong>Pop, Hip-Hop &amp; DnB Mix<br \/>Recorded live in a full club: Pop, Hip-Hop, 90s Hip-Hop &amp; Drum N Bass<\/p>\t\t\t\t\t\t\t\t<\/div>\n\t\t\t\t<\/div>\n\t\t\t\t<div class=\"elementor-element elementor-element-3c00fc9 elementor-widget elementor-widget-html\" data-id=\"3c00fc9\" data-element_type=\"widget\" data-e-type=\"widget\" data-widget_type=\"html.default\">\n\t\t\t\t<div class=\"elementor-widget-container\">\n\t\t\t\t\t<iframe scrolling=\"no\" style=\"border-radius: 10px;\" id=\"hearthis_at_track_13884271\" width=\"100%\" height=\"130\" src=\"https:\/\/app.hearthis.at\/embed\/13884271\/transparent\/?hcolor=&color=3737b8&style=2&block_size=2&block_space=1&background=0&waveform=0&cover=1&autoplay=0&css=\" frameborder=\"0\" allowtransparency allow=\"autoplay\"><p>Listen to <a href=\"https:\/\/hearthis.at\/djdaniel-xg\/pophiphopdnb\/\" target=\"_blank\">DJ Daniel's Mix with Pop, Hip-Hop &amp; DnB<\/a> <span>by<\/span><a href=\"https:\/\/hearthis.at\/djdaniel-xg\/\" target=\"_blank\" >DJDaniel<\/a> <span>on<\/span> <a href=\"https:\/\/hearthis.at\/\" target=\"_blank\">hearthis.at<\/a><\/p><\/iframe>\t\t\t\t<\/div>\n\t\t\t\t<\/div>\n\t\t\t\t<div class=\"elementor-element elementor-element-fbb20ab elementor-widget elementor-widget-text-editor\" data-id=\"fbb20ab\" data-element_type=\"widget\" data-e-type=\"widget\" data-widget_type=\"text-editor.default\">\n\t\t\t\t<div class=\"elementor-widget-container\">\n\t\t\t\t\t\t\t\t\t<p><strong>MIX 7: <\/strong>Moombahton Mix<br \/>Pop hits wrapped in moombahton plus reggaeton and dembow. Very popular and danceable.<\/p>\t\t\t\t\t\t\t\t<\/div>\n\t\t\t\t<\/div>\n\t\t\t\t<div class=\"elementor-element elementor-element-1906154 elementor-widget elementor-widget-html\" data-id=\"1906154\" data-element_type=\"widget\" data-e-type=\"widget\" data-widget_type=\"html.default\">\n\t\t\t\t<div class=\"elementor-widget-container\">\n\t\t\t\t\t<iframe scrolling=\"no\" style=\"border-radius: 10px;\" id=\"hearthis_at_track_1704902\" width=\"100%\" height=\"130\" src=\"https:\/\/app.hearthis.at\/embed\/1704902\/transparent\/?hcolor=&color=3737b8&style=2&block_size=2&block_space=1&background=0&waveform=0&cover=1&autoplay=0&css=\" frameborder=\"0\" allowtransparency allow=\"autoplay\"><p>Listen to <a href=\"https:\/\/hearthis.at\/djdaniel-xg\/dj-daniels-openformat-mix-in-moombahton-december-2017\/\" target=\"_blank\">DJ Daniel's OpenFormat Mix in Moombahton (December 2017)<\/a> <span>by<\/span><a href=\"https:\/\/hearthis.at\/djdaniel-xg\/\" target=\"_blank\" >DJDaniel<\/a> <span>on<\/span> <a href=\"https:\/\/hearthis.at\/\" target=\"_blank\">hearthis.at<\/a><\/p><\/iframe>\t\t\t\t<\/div>\n\t\t\t\t<\/div>\n\t\t\t\t<div class=\"elementor-element elementor-element-a5db432 elementor-widget elementor-widget-text-editor\" data-id=\"a5db432\" data-element_type=\"widget\" data-e-type=\"widget\" data-widget_type=\"text-editor.default\">\n\t\t\t\t<div class=\"elementor-widget-container\">\n\t\t\t\t\t\t\t\t\t<p><strong>MIX 8:\u00a0<\/strong>Electro-Swing &amp; 80ies Mix<br \/>Mix from a theme party with lots of electro swing and 80ies.<\/p>\t\t\t\t\t\t\t\t<\/div>\n\t\t\t\t<\/div>\n\t\t\t\t<div class=\"elementor-element elementor-element-9d8b165 elementor-widget elementor-widget-html\" data-id=\"9d8b165\" data-element_type=\"widget\" data-e-type=\"widget\" data-widget_type=\"html.default\">\n\t\t\t\t<div class=\"elementor-widget-container\">\n\t\t\t\t\t<iframe scrolling=\"no\" style=\"border-radius: 10px;\" id=\"hearthis_at_track_4722601\" width=\"100%\" height=\"130\" src=\"https:\/\/app.hearthis.at\/embed\/4722601\/transparent\/?hcolor=&color=3737b8&style=2&block_size=2&block_space=1&background=0&waveform=0&cover=1&autoplay=0&css=\" frameborder=\"0\" allowtransparency allow=\"autoplay\"><p>Listen to <a href=\"https:\/\/hearthis.at\/djdaniel-xg\/dj-daniels-live-electro-swing-80ies-mix-mai-2018\/\" target=\"_blank\">DJ Daniel's live Electro Swing &amp; 80ies Mix May 2018<\/a> <span>by<\/span><a href=\"https:\/\/hearthis.at\/djdaniel-xg\/\" target=\"_blank\" >DJDaniel<\/a> <span>on<\/span> <a href=\"https:\/\/hearthis.at\/\" target=\"_blank\">hearthis.at<\/a><\/p><\/iframe>\t\t\t\t<\/div>\n\t\t\t\t<\/div>\n\t\t\t\t\t<\/div>\n\t\t<\/div>\n\t\t\t\t\t<\/div>\n\t\t<\/section>\n\t\t\t\t<\/div>","protected":false},"excerpt":{"rendered":"<p>MUSIK BEISPIELE UND PROMO MIXES VON DJ DANIEL AUS Z\u00dcRICH Als breit aufgestellter DJ muss ich daf\u00fcr sorgen, dass alle anwesenden G\u00e4ste tanzen k\u00f6nnen und zufrieden sind. Deshalb pr\u00e4sentiere ich hier eine breite Palette, denn ich muss bei jedem Event genau den Musikgeschmack der tanzenden G\u00e4ste treffen. Viel Spass beim Reinh\u00f6ren! MIX 1: Open-Format 2010 [&hellip;]<\/p>\n","protected":false},"author":2,"featured_media":0,"parent":0,"menu_order":0,"comment_status":"closed","ping_status":"closed","template":"","meta":{"_monsterinsights_skip_tracking":false,"_monsterinsights_sitenote_active":false,"_monsterinsights_sitenote_note":"","_monsterinsights_sitenote_category":0,"footnotes":""},"class_list":["post-13689","page","type-page","status-publish","hentry"],"yoast_head":"<!-- This site is optimized with the Yoast SEO plugin v27.3 - https:\/\/yoast.com\/product\/yoast-seo-wordpress\/ -->\n<title>Musik - DJ Daniel<\/title>\n<meta name=\"description\" content=\"Musik von DJ Daniel - H\u00f6re rein in live aufgenommene Demomixes und mach dir ein Bild von meinen \u00dcberg\u00e4ngen und vielseitiger Musikauswahl.\" \/>\n<meta name=\"robots\" content=\"index, follow, max-snippet:-1, max-image-preview:large, max-video-preview:-1\" \/>\n<link rel=\"canonical\" href=\"https:\/\/www.djdaniel.ch\/en\/music\/\" \/>\n<meta property=\"og:locale\" content=\"en_GB\" \/>\n<meta property=\"og:type\" content=\"article\" \/>\n<meta property=\"og:title\" content=\"Musik - DJ Daniel\" \/>\n<meta property=\"og:description\" content=\"Musik von DJ Daniel - H\u00f6re rein in live aufgenommene Demomixes und mach dir ein Bild von meinen \u00dcberg\u00e4ngen und vielseitiger Musikauswahl.\" \/>\n<meta property=\"og:url\" content=\"https:\/\/www.djdaniel.ch\/en\/music\/\" \/>\n<meta property=\"og:site_name\" content=\"DJ Daniel\" \/>\n<meta property=\"article:publisher\" content=\"https:\/\/www.facebook.com\/djdaniel.ch\/\" \/>\n<meta property=\"article:modified_time\" content=\"2026-03-13T09:24:02+00:00\" \/>\n<meta property=\"og:image\" content=\"https:\/\/www.djdaniel.ch\/wp\/wp-content\/uploads\/2020\/05\/DJDaniel_NEU_2020.png\" \/>\n\t<meta property=\"og:image:width\" content=\"3236\" \/>\n\t<meta property=\"og:image:height\" content=\"1644\" \/>\n\t<meta property=\"og:image:type\" content=\"image\/png\" \/>\n<meta name=\"twitter:card\" content=\"summary_large_image\" \/>\n<meta name=\"twitter:label1\" content=\"Estimated reading time\" \/>\n\t<meta name=\"twitter:data1\" content=\"2 minutes\" \/>\n<script type=\"application\/ld+json\" class=\"yoast-schema-graph\">{\"@context\":\"https:\\\/\\\/schema.org\",\"@graph\":[{\"@type\":\"WebPage\",\"@id\":\"https:\\\/\\\/www.djdaniel.ch\\\/musik\\\/\",\"url\":\"https:\\\/\\\/www.djdaniel.ch\\\/musik\\\/\",\"name\":\"Musik - DJ Daniel\",\"isPartOf\":{\"@id\":\"https:\\\/\\\/www.djdaniel.ch\\\/#website\"},\"datePublished\":\"2026-02-22T09:46:37+00:00\",\"dateModified\":\"2026-03-13T09:24:02+00:00\",\"description\":\"Musik von DJ Daniel - H\u00f6re rein in live aufgenommene Demomixes und mach dir ein Bild von meinen \u00dcberg\u00e4ngen und vielseitiger Musikauswahl.\",\"breadcrumb\":{\"@id\":\"https:\\\/\\\/www.djdaniel.ch\\\/musik\\\/#breadcrumb\"},\"inLanguage\":\"en-GB\",\"potentialAction\":[{\"@type\":\"ReadAction\",\"target\":[\"https:\\\/\\\/www.djdaniel.ch\\\/musik\\\/\"]}]},{\"@type\":\"BreadcrumbList\",\"@id\":\"https:\\\/\\\/www.djdaniel.ch\\\/musik\\\/#breadcrumb\",\"itemListElement\":[{\"@type\":\"ListItem\",\"position\":1,\"name\":\"Home\",\"item\":\"https:\\\/\\\/www.djdaniel.ch\\\/\"},{\"@type\":\"ListItem\",\"position\":2,\"name\":\"Musik\"}]},{\"@type\":\"WebSite\",\"@id\":\"https:\\\/\\\/www.djdaniel.ch\\\/#website\",\"url\":\"https:\\\/\\\/www.djdaniel.ch\\\/\",\"name\":\"DJ Daniel\",\"description\":\"DJ Daniel der Event DJ und Hochzeits DJ aus Zurich.\",\"publisher\":{\"@id\":\"https:\\\/\\\/www.djdaniel.ch\\\/#organization\"},\"potentialAction\":[{\"@type\":\"SearchAction\",\"target\":{\"@type\":\"EntryPoint\",\"urlTemplate\":\"https:\\\/\\\/www.djdaniel.ch\\\/?s={search_term_string}\"},\"query-input\":{\"@type\":\"PropertyValueSpecification\",\"valueRequired\":true,\"valueName\":\"search_term_string\"}}],\"inLanguage\":\"en-GB\"},{\"@type\":\"Organization\",\"@id\":\"https:\\\/\\\/www.djdaniel.ch\\\/#organization\",\"name\":\"DJ Daniel\",\"url\":\"https:\\\/\\\/www.djdaniel.ch\\\/\",\"logo\":{\"@type\":\"ImageObject\",\"inLanguage\":\"en-GB\",\"@id\":\"https:\\\/\\\/www.djdaniel.ch\\\/#\\\/schema\\\/logo\\\/image\\\/\",\"url\":\"https:\\\/\\\/www.djdaniel.ch\\\/wp\\\/wp-content\\\/uploads\\\/2022\\\/10\\\/Logo_Dj-Daniel_neu111.png\",\"contentUrl\":\"https:\\\/\\\/www.djdaniel.ch\\\/wp\\\/wp-content\\\/uploads\\\/2022\\\/10\\\/Logo_Dj-Daniel_neu111.png\",\"width\":1395,\"height\":1396,\"caption\":\"DJ Daniel\"},\"image\":{\"@id\":\"https:\\\/\\\/www.djdaniel.ch\\\/#\\\/schema\\\/logo\\\/image\\\/\"},\"sameAs\":[\"https:\\\/\\\/www.facebook.com\\\/djdaniel.ch\\\/\",\"https:\\\/\\\/www.instagram.com\\\/dj_daniel_zh\\\/\",\"https:\\\/\\\/www.youtube.com\\\/channel\\\/UCvwfU8yVMYRNvJjMO-k7WMw\"]}]}<\/script>\n<!-- \/ Yoast SEO plugin. -->","yoast_head_json":{"title":"Music - DJ Daniel","description":"Music by DJ Daniel - Listen to live recorded demo mixes and get an idea of my transitions and versatile music selection.","robots":{"index":"index","follow":"follow","max-snippet":"max-snippet:-1","max-image-preview":"max-image-preview:large","max-video-preview":"max-video-preview:-1"},"canonical":"https:\/\/www.djdaniel.ch\/en\/music\/","og_locale":"en_GB","og_type":"article","og_title":"Musik - DJ Daniel","og_description":"Musik von DJ Daniel - H\u00f6re rein in live aufgenommene Demomixes und mach dir ein Bild von meinen \u00dcberg\u00e4ngen und vielseitiger Musikauswahl.","og_url":"https:\/\/www.djdaniel.ch\/en\/music\/","og_site_name":"DJ Daniel","article_publisher":"https:\/\/www.facebook.com\/djdaniel.ch\/","article_modified_time":"2026-03-13T09:24:02+00:00","og_image":[{"width":3236,"height":1644,"url":"https:\/\/www.djdaniel.ch\/wp\/wp-content\/uploads\/2020\/05\/DJDaniel_NEU_2020.png","type":"image\/png"}],"twitter_card":"summary_large_image","twitter_misc":{"Estimated reading time":"2 minutes"},"schema":{"@context":"https:\/\/schema.org","@graph":[{"@type":"WebPage","@id":"https:\/\/www.djdaniel.ch\/musik\/","url":"https:\/\/www.djdaniel.ch\/musik\/","name":"Music - DJ Daniel","isPartOf":{"@id":"https:\/\/www.djdaniel.ch\/#website"},"datePublished":"2026-02-22T09:46:37+00:00","dateModified":"2026-03-13T09:24:02+00:00","description":"Music by DJ Daniel - Listen to live recorded demo mixes and get an idea of my transitions and versatile music selection.","breadcrumb":{"@id":"https:\/\/www.djdaniel.ch\/musik\/#breadcrumb"},"inLanguage":"en-GB","potentialAction":[{"@type":"ReadAction","target":["https:\/\/www.djdaniel.ch\/musik\/"]}]},{"@type":"BreadcrumbList","@id":"https:\/\/www.djdaniel.ch\/musik\/#breadcrumb","itemListElement":[{"@type":"ListItem","position":1,"name":"Home","item":"https:\/\/www.djdaniel.ch\/"},{"@type":"ListItem","position":2,"name":"Musik"}]},{"@type":"WebSite","@id":"https:\/\/www.djdaniel.ch\/#website","url":"https:\/\/www.djdaniel.ch\/","name":"DJ Daniel","description":"DJ Daniel the event DJ and wedding DJ from Zurich.","publisher":{"@id":"https:\/\/www.djdaniel.ch\/#organization"},"potentialAction":[{"@type":"SearchAction","target":{"@type":"EntryPoint","urlTemplate":"https:\/\/www.djdaniel.ch\/?s={search_term_string}"},"query-input":{"@type":"PropertyValueSpecification","valueRequired":true,"valueName":"search_term_string"}}],"inLanguage":"en-GB"},{"@type":"Organization","@id":"https:\/\/www.djdaniel.ch\/#organization","name":"DJ Daniel","url":"https:\/\/www.djdaniel.ch\/","logo":{"@type":"ImageObject","inLanguage":"en-GB","@id":"https:\/\/www.djdaniel.ch\/#\/schema\/logo\/image\/","url":"https:\/\/www.djdaniel.ch\/wp\/wp-content\/uploads\/2022\/10\/Logo_Dj-Daniel_neu111.png","contentUrl":"https:\/\/www.djdaniel.ch\/wp\/wp-content\/uploads\/2022\/10\/Logo_Dj-Daniel_neu111.png","width":1395,"height":1396,"caption":"DJ Daniel"},"image":{"@id":"https:\/\/www.djdaniel.ch\/#\/schema\/logo\/image\/"},"sameAs":["https:\/\/www.facebook.com\/djdaniel.ch\/","https:\/\/www.instagram.com\/dj_daniel_zh\/","https:\/\/www.youtube.com\/channel\/UCvwfU8yVMYRNvJjMO-k7WMw"]}]}},"_links":{"self":[{"href":"https:\/\/www.djdaniel.ch\/en\/wp-json\/wp\/v2\/pages\/13689","targetHints":{"allow":["GET"]}}],"collection":[{"href":"https:\/\/www.djdaniel.ch\/en\/wp-json\/wp\/v2\/pages"}],"about":[{"href":"https:\/\/www.djdaniel.ch\/en\/wp-json\/wp\/v2\/types\/page"}],"author":[{"embeddable":true,"href":"https:\/\/www.djdaniel.ch\/en\/wp-json\/wp\/v2\/users\/2"}],"replies":[{"embeddable":true,"href":"https:\/\/www.djdaniel.ch\/en\/wp-json\/wp\/v2\/comments?post=13689"}],"version-history":[{"count":0,"href":"https:\/\/www.djdaniel.ch\/en\/wp-json\/wp\/v2\/pages\/13689\/revisions"}],"wp:attachment":[{"href":"https:\/\/www.djdaniel.ch\/en\/wp-json\/wp\/v2\/media?parent=13689"}],"curies":[{"name":"wp","href":"https:\/\/api.w.org\/{rel}","templated":true}]}}